{"id":8743,"date":"2023-02-07T15:18:31","date_gmt":"2023-02-07T18:18:31","guid":{"rendered":"https:\/\/dentalguzman.cl\/?post_type=product&#038;p=8743"},"modified":"2026-02-24T17:40:39","modified_gmt":"2026-02-24T20:40:39","slug":"filpost-kit","status":"publish","type":"product","link":"https:\/\/dentalguzman.cl\/?product=filpost-kit","title":{"rendered":"POSTES KIT FILPOST TITANIO  6 POSTES 1.3 m.m+6 POSTES 1.6 m.m  + FRESA PARA CONDUCTO"},"content":{"rendered":"<p>EN UNA SESION,RESULTADO SEGURO Y PREDECIBLE<\/p>\n<p>FILPOST<\/p>\n<p>Endodontic Root Canal Post es el \u00fanico sistema de retenci\u00f3n de postes prefabricado que se puede personalizar para adaptarse a la restauraci\u00f3n del poste ra\u00edz y CONSTRUIR EL NUCLEO. FILPOST se puede doblar y cortar para adaptarse al canal sin riesgo de fractura, lo que permite la inserci\u00f3n f\u00e1cil de m\u00faltiples postes en canales convergentes.SIN RIESGO DE PRESION SOBRE LA RAIZ.<\/p>\n","protected":false},"excerpt":{"rendered":"<ul class=\"bullet-1\">\n<li><strong>POSTE pasivo \u00fanico<\/strong><br \/>\npara una fuerte retenci\u00f3n, creada por surcos de retenci\u00f3n a lo largo del poste y surcos de retenci\u00f3n formados dentro de la superficie del canal por el\u00a0<strong>FILPOST Universal Groover.<\/strong><\/li>\n<li><strong>F\u00e1cil de personalizar para adaptarse al canal.<\/strong><br \/>\nsin riesgo de fractura, permite insertar f\u00e1cilmente dos o m\u00e1s POSTES en canales converge<\/li>\n<\/ul>\n","protected":false},"featured_media":8745,"comment_status":"open","ping_status":"closed","template":"","meta":[],"product_brand":[],"product_cat":[80,20,75],"product_tag":[],"class_list":{"0":"post-8743","1":"product","2":"type-product","3":"status-publish","4":"has-post-thumbnail","6":"product_cat-marca","7":"product_cat-productos","8":"product_cat-protesis-rehabilitacion","10":"first","11":"instock","12":"sold-individually","13":"taxable","14":"shipping-taxable","15":"purchasable","16":"product-type-simple"},"_links":{"self":[{"href":"https:\/\/dentalguzman.cl\/index.php?rest_route=\/wp\/v2\/product\/8743","targetHints":{"allow":["GET"]}}],"collection":[{"href":"https:\/\/dentalguzman.cl\/index.php?rest_route=\/wp\/v2\/product"}],"about":[{"href":"https:\/\/dentalguzman.cl\/index.php?rest_route=\/wp\/v2\/types\/product"}],"replies":[{"embeddable":true,"href":"https:\/\/dentalguzman.cl\/index.php?rest_route=%2Fwp%2Fv2%2Fcomments&post=8743"}],"version-history":[{"count":10,"href":"https:\/\/dentalguzman.cl\/index.php?rest_route=\/wp\/v2\/product\/8743\/revisions"}],"predecessor-version":[{"id":49213,"href":"https:\/\/dentalguzman.cl\/index.php?rest_route=\/wp\/v2\/product\/8743\/revisions\/49213"}],"wp:featuredmedia":[{"embeddable":true,"href":"https:\/\/dentalguzman.cl\/index.php?rest_route=\/wp\/v2\/media\/8745"}],"wp:attachment":[{"href":"https:\/\/dentalguzman.cl\/index.php?rest_route=%2Fwp%2Fv2%2Fmedia&parent=8743"}],"wp:term":[{"taxonomy":"product_brand","embeddable":true,"href":"https:\/\/dentalguzman.cl\/index.php?rest_route=%2Fwp%2Fv2%2Fproduct_brand&post=8743"},{"taxonomy":"product_cat","embeddable":true,"href":"https:\/\/dentalguzman.cl\/index.php?rest_route=%2Fwp%2Fv2%2Fproduct_cat&post=8743"},{"taxonomy":"product_tag","embeddable":true,"href":"https:\/\/dentalguzman.cl\/index.php?rest_route=%2Fwp%2Fv2%2Fproduct_tag&post=8743"}],"curies":[{"name":"wp","href":"https:\/\/api.w.org\/{rel}","templated":true}]}}