{"id":270,"date":"2021-08-26T14:54:11","date_gmt":"2021-08-26T17:54:11","guid":{"rendered":"http:\/\/dummy.xtemos.com\/woodmart2\/elementor\/?post_type=product&#038;p=270"},"modified":"2023-05-24T21:20:57","modified_gmt":"2023-05-25T00:20:57","slug":"classic-wooden-chair","status":"publish","type":"product","link":"https:\/\/dentalguzman.cl\/?product=classic-wooden-chair","title":{"rendered":"Smart Sil Ligth Body CAJA X 4 CARTUCHOS +PUNTAS"},"content":{"rendered":"","protected":false},"excerpt":{"rendered":"<p><strong>CARACTER\u00cdSTICAS \u00a0<\/strong><\/p>\n<ul>\n<li>Tiempo de trabajo: 2 min \/ Tiempo de fraguado: 3 min 30 seg<\/li>\n<li>Apenas fluye hacia abajo en la parte superior y la preparaci\u00f3n, y es bueno para la reproducci\u00f3n detallada a trav\u00e9s de la fluidez moment\u00e1nea (especialmente, en la colocaci\u00f3n)<\/li>\n<li>Muy estable sin fen\u00f3meno de desgarro despu\u00e9s del fraguado debido a la intensidad adecuada<\/li>\n<li>Imprime con facilidad, fluye suavemente<\/li>\n<li>Menos burbujas a trav\u00e9s de la misma mezcla<\/li>\n<\/ul>\n<p>&nbsp;<\/p>\n<p><strong>\u00a0 \u00a0<\/strong><strong>Tipo de cartucho<\/strong><\/p>\n<p><strong>\u00a0\u00a0<\/strong>\u00a0&#8211; Embalaje<\/p>\n<p>4 Cartuchos de 50 ml , Punta de mezcla 12<\/p>\n","protected":false},"featured_media":8616,"comment_status":"open","ping_status":"closed","template":"","meta":[],"product_brand":[],"product_cat":[75],"product_tag":[],"class_list":{"0":"post-270","1":"product","2":"type-product","3":"status-publish","4":"has-post-thumbnail","6":"product_cat-protesis-rehabilitacion","8":"first","9":"instock","10":"sold-individually","11":"taxable","12":"shipping-taxable","13":"purchasable","14":"product-type-simple"},"_links":{"self":[{"href":"https:\/\/dentalguzman.cl\/index.php?rest_route=\/wp\/v2\/product\/270","targetHints":{"allow":["GET"]}}],"collection":[{"href":"https:\/\/dentalguzman.cl\/index.php?rest_route=\/wp\/v2\/product"}],"about":[{"href":"https:\/\/dentalguzman.cl\/index.php?rest_route=\/wp\/v2\/types\/product"}],"replies":[{"embeddable":true,"href":"https:\/\/dentalguzman.cl\/index.php?rest_route=%2Fwp%2Fv2%2Fcomments&post=270"}],"version-history":[{"count":8,"href":"https:\/\/dentalguzman.cl\/index.php?rest_route=\/wp\/v2\/product\/270\/revisions"}],"predecessor-version":[{"id":8852,"href":"https:\/\/dentalguzman.cl\/index.php?rest_route=\/wp\/v2\/product\/270\/revisions\/8852"}],"wp:featuredmedia":[{"embeddable":true,"href":"https:\/\/dentalguzman.cl\/index.php?rest_route=\/wp\/v2\/media\/8616"}],"wp:attachment":[{"href":"https:\/\/dentalguzman.cl\/index.php?rest_route=%2Fwp%2Fv2%2Fmedia&parent=270"}],"wp:term":[{"taxonomy":"product_brand","embeddable":true,"href":"https:\/\/dentalguzman.cl\/index.php?rest_route=%2Fwp%2Fv2%2Fproduct_brand&post=270"},{"taxonomy":"product_cat","embeddable":true,"href":"https:\/\/dentalguzman.cl\/index.php?rest_route=%2Fwp%2Fv2%2Fproduct_cat&post=270"},{"taxonomy":"product_tag","embeddable":true,"href":"https:\/\/dentalguzman.cl\/index.php?rest_route=%2Fwp%2Fv2%2Fproduct_tag&post=270"}],"curies":[{"name":"wp","href":"https:\/\/api.w.org\/{rel}","templated":true}]}}