{"id":9408,"date":"2023-04-10T12:12:45","date_gmt":"2023-04-10T15:12:45","guid":{"rendered":"https:\/\/dentalguzman.cl\/?page_id=9408"},"modified":"2023-11-03T12:52:37","modified_gmt":"2023-11-03T15:52:37","slug":"descargas","status":"publish","type":"page","link":"https:\/\/dentalguzman.cl\/?page_id=9408","title":{"rendered":"Descargas"},"content":{"rendered":"\t\t<div data-elementor-type=\"wp-page\" data-elementor-id=\"9408\" class=\"elementor elementor-9408\" data-elementor-post-type=\"page\">\n\t\t\t\t\t\t<section class=\"elementor-section elementor-top-section elementor-element elementor-element-773eb6f elementor-section-boxed elementor-section-height-default elementor-section-height-default\" data-id=\"773eb6f\" data-element_type=\"section\" data-e-type=\"section\">\n\t\t\t\t\t\t<div class=\"elementor-container elementor-column-gap-default\">\n\t\t\t\t\t<div class=\"elementor-column elementor-col-25 elementor-top-column elementor-element elementor-element-71d1469\" data-id=\"71d1469\" data-element_type=\"column\" data-e-type=\"column\">\n\t\t\t<div class=\"elementor-widget-wrap elementor-element-populated\">\n\t\t\t\t\t\t<div class=\"elementor-element elementor-element-fff9006 elementor-widget elementor-widget-image\" data-id=\"fff9006\" data-element_type=\"widget\" data-e-type=\"widget\" data-widget_type=\"image.default\">\n\t\t\t\t<div class=\"elementor-widget-container\">\n\t\t\t\t\t\t\t\t\t\t\t\t\t\t\t<img fetchpriority=\"high\" decoding=\"async\" width=\"642\" height=\"275\" src=\"https:\/\/dentalguzman.cl\/wp-content\/uploads\/2023\/04\/veveve.jpg\" class=\"attachment-large size-large wp-image-9430\" alt=\"\" srcset=\"https:\/\/dentalguzman.cl\/wp-content\/uploads\/2023\/04\/veveve.jpg 642w, https:\/\/dentalguzman.cl\/wp-content\/uploads\/2023\/04\/veveve-430x184.jpg 430w, https:\/\/dentalguzman.cl\/wp-content\/uploads\/2023\/04\/veveve-150x64.jpg 150w, https:\/\/dentalguzman.cl\/wp-content\/uploads\/2023\/04\/veveve-400x171.jpg 400w\" sizes=\"(max-width: 642px) 100vw, 642px\" \/>\t\t\t\t\t\t\t\t\t\t\t\t\t\t\t<\/div>\n\t\t\t\t<\/div>\n\t\t\t\t<div class=\"elementor-element elementor-element-27c19f8 elementor-align-center elementor-widget elementor-widget-button\" data-id=\"27c19f8\" data-element_type=\"widget\" data-e-type=\"widget\" data-widget_type=\"button.default\">\n\t\t\t\t<div class=\"elementor-widget-container\">\n\t\t\t\t\t\t\t\t\t<div class=\"elementor-button-wrapper\">\n\t\t\t\t\t<a class=\"elementor-button elementor-button-link elementor-size-md\" href=\"https:\/\/dentalguzman.cl\/wp-content\/uploads\/2023\/04\/CATALOGO-VERDENT.pdf\" target=\"_blank\">\n\t\t\t\t\t\t<span class=\"elementor-button-content-wrapper\">\n\t\t\t\t\t\t\t\t\t<span class=\"elementor-button-text\">Descargar cat\u00e1logo<\/span>\n\t\t\t\t\t<\/span>\n\t\t\t\t\t<\/a>\n\t\t\t\t<\/div>\n\t\t\t\t\t\t\t\t<\/div>\n\t\t\t\t<\/div>\n\t\t\t\t\t<\/div>\n\t\t<\/div>\n\t\t\t\t<div class=\"elementor-column elementor-col-25 elementor-top-column elementor-element elementor-element-5759d25\" data-id=\"5759d25\" data-element_type=\"column\" data-e-type=\"column\">\n\t\t\t<div class=\"elementor-widget-wrap elementor-element-populated\">\n\t\t\t\t\t\t<div class=\"elementor-element elementor-element-be7943c elementor-widget elementor-widget-image\" data-id=\"be7943c\" data-element_type=\"widget\" data-e-type=\"widget\" data-widget_type=\"image.default\">\n\t\t\t\t<div class=\"elementor-widget-container\">\n\t\t\t\t\t\t\t\t\t\t\t\t\t\t\t<img decoding=\"async\" width=\"642\" height=\"275\" src=\"https:\/\/dentalguzman.cl\/wp-content\/uploads\/2023\/04\/dz.jpg\" class=\"attachment-large size-large wp-image-9419\" alt=\"\" srcset=\"https:\/\/dentalguzman.cl\/wp-content\/uploads\/2023\/04\/dz.jpg 642w, https:\/\/dentalguzman.cl\/wp-content\/uploads\/2023\/04\/dz-430x184.jpg 430w, https:\/\/dentalguzman.cl\/wp-content\/uploads\/2023\/04\/dz-150x64.jpg 150w, https:\/\/dentalguzman.cl\/wp-content\/uploads\/2023\/04\/dz-400x171.jpg 400w\" sizes=\"(max-width: 642px) 100vw, 642px\" \/>\t\t\t\t\t\t\t\t\t\t\t\t\t\t\t<\/div>\n\t\t\t\t<\/div>\n\t\t\t\t<div class=\"elementor-element elementor-element-a7e0eca elementor-align-center elementor-widget elementor-widget-button\" data-id=\"a7e0eca\" data-element_type=\"widget\" data-e-type=\"widget\" data-widget_type=\"button.default\">\n\t\t\t\t<div class=\"elementor-widget-container\">\n\t\t\t\t\t\t\t\t\t<div class=\"elementor-button-wrapper\">\n\t\t\t\t\t<a class=\"elementor-button elementor-button-link elementor-size-md\" href=\"https:\/\/dentalguzman.cl\/wp-content\/uploads\/2023\/04\/DOC-20220814-WA0010.pdf\" target=\"_blank\">\n\t\t\t\t\t\t<span class=\"elementor-button-content-wrapper\">\n\t\t\t\t\t\t\t\t\t<span class=\"elementor-button-text\">Descargar cat\u00e1logo<\/span>\n\t\t\t\t\t<\/span>\n\t\t\t\t\t<\/a>\n\t\t\t\t<\/div>\n\t\t\t\t\t\t\t\t<\/div>\n\t\t\t\t<\/div>\n\t\t\t\t\t<\/div>\n\t\t<\/div>\n\t\t\t\t<div class=\"elementor-column elementor-col-25 elementor-top-column elementor-element elementor-element-5200ec6\" data-id=\"5200ec6\" data-element_type=\"column\" data-e-type=\"column\">\n\t\t\t<div class=\"elementor-widget-wrap elementor-element-populated\">\n\t\t\t\t\t\t<div class=\"elementor-element elementor-element-89c85bd elementor-widget elementor-widget-image\" data-id=\"89c85bd\" data-element_type=\"widget\" data-e-type=\"widget\" data-widget_type=\"image.default\">\n\t\t\t\t<div class=\"elementor-widget-container\">\n\t\t\t\t\t\t\t\t\t\t\t\t\t\t\t<img decoding=\"async\" width=\"642\" height=\"275\" src=\"https:\/\/dentalguzman.cl\/wp-content\/uploads\/2023\/04\/baus.jpg\" class=\"attachment-large size-large wp-image-9425\" alt=\"\" srcset=\"https:\/\/dentalguzman.cl\/wp-content\/uploads\/2023\/04\/baus.jpg 642w, https:\/\/dentalguzman.cl\/wp-content\/uploads\/2023\/04\/baus-430x184.jpg 430w, https:\/\/dentalguzman.cl\/wp-content\/uploads\/2023\/04\/baus-150x64.jpg 150w, https:\/\/dentalguzman.cl\/wp-content\/uploads\/2023\/04\/baus-400x171.jpg 400w\" sizes=\"(max-width: 642px) 100vw, 642px\" \/>\t\t\t\t\t\t\t\t\t\t\t\t\t\t\t<\/div>\n\t\t\t\t<\/div>\n\t\t\t\t<div class=\"elementor-element elementor-element-9d61b95 elementor-align-center elementor-widget elementor-widget-button\" data-id=\"9d61b95\" data-element_type=\"widget\" data-e-type=\"widget\" data-widget_type=\"button.default\">\n\t\t\t\t<div class=\"elementor-widget-container\">\n\t\t\t\t\t\t\t\t\t<div class=\"elementor-button-wrapper\">\n\t\t\t\t\t<a class=\"elementor-button elementor-button-link elementor-size-md\" href=\"https:\/\/dentalguzman.cl\/wp-content\/uploads\/2023\/04\/Bausch-Catalog.pdf\" target=\"_blank\">\n\t\t\t\t\t\t<span class=\"elementor-button-content-wrapper\">\n\t\t\t\t\t\t\t\t\t<span class=\"elementor-button-text\">Descargar cat\u00e1logo<\/span>\n\t\t\t\t\t<\/span>\n\t\t\t\t\t<\/a>\n\t\t\t\t<\/div>\n\t\t\t\t\t\t\t\t<\/div>\n\t\t\t\t<\/div>\n\t\t\t\t\t<\/div>\n\t\t<\/div>\n\t\t\t\t<div class=\"elementor-column elementor-col-25 elementor-top-column elementor-element elementor-element-42afe6b\" data-id=\"42afe6b\" data-element_type=\"column\" data-e-type=\"column\">\n\t\t\t<div class=\"elementor-widget-wrap elementor-element-populated\">\n\t\t\t\t\t\t<div class=\"elementor-element elementor-element-50e2959 elementor-widget elementor-widget-image\" data-id=\"50e2959\" data-element_type=\"widget\" data-e-type=\"widget\" data-widget_type=\"image.default\">\n\t\t\t\t<div class=\"elementor-widget-container\">\n\t\t\t\t\t\t\t\t\t\t\t\t\t\t\t<img loading=\"lazy\" decoding=\"async\" width=\"642\" height=\"275\" src=\"https:\/\/dentalguzman.cl\/wp-content\/uploads\/2023\/04\/48-1.jpg\" class=\"attachment-large size-large wp-image-9442\" alt=\"\" srcset=\"https:\/\/dentalguzman.cl\/wp-content\/uploads\/2023\/04\/48-1.jpg 642w, https:\/\/dentalguzman.cl\/wp-content\/uploads\/2023\/04\/48-1-430x184.jpg 430w, https:\/\/dentalguzman.cl\/wp-content\/uploads\/2023\/04\/48-1-150x64.jpg 150w, https:\/\/dentalguzman.cl\/wp-content\/uploads\/2023\/04\/48-1-400x171.jpg 400w\" sizes=\"(max-width: 642px) 100vw, 642px\" \/>\t\t\t\t\t\t\t\t\t\t\t\t\t\t\t<\/div>\n\t\t\t\t<\/div>\n\t\t\t\t<div class=\"elementor-element elementor-element-1c8daba elementor-align-center elementor-widget elementor-widget-button\" data-id=\"1c8daba\" data-element_type=\"widget\" data-e-type=\"widget\" data-widget_type=\"button.default\">\n\t\t\t\t<div class=\"elementor-widget-container\">\n\t\t\t\t\t\t\t\t\t<div class=\"elementor-button-wrapper\">\n\t\t\t\t\t<a class=\"elementor-button elementor-button-link elementor-size-md\" href=\"https:\/\/dentalguzman.cl\/wp-content\/uploads\/2023\/04\/infibra-paradontite.docx\" target=\"_blank\">\n\t\t\t\t\t\t<span class=\"elementor-button-content-wrapper\">\n\t\t\t\t\t\t\t\t\t<span class=\"elementor-button-text\">Descargar cat\u00e1logo<\/span>\n\t\t\t\t\t<\/span>\n\t\t\t\t\t<\/a>\n\t\t\t\t<\/div>\n\t\t\t\t\t\t\t\t<\/div>\n\t\t\t\t<\/div>\n\t\t\t\t\t<\/div>\n\t\t<\/div>\n\t\t\t\t\t<\/div>\n\t\t<\/section>\n\t\t\t\t<section class=\"elementor-section elementor-top-section elementor-element elementor-element-b770a41 elementor-section-boxed elementor-section-height-default elementor-section-height-default\" data-id=\"b770a41\" data-element_type=\"section\" data-e-type=\"section\">\n\t\t\t\t\t\t<div class=\"elementor-container elementor-column-gap-default\">\n\t\t\t\t\t<div class=\"elementor-column elementor-col-25 elementor-top-column elementor-element elementor-element-41a29d0\" data-id=\"41a29d0\" data-element_type=\"column\" data-e-type=\"column\">\n\t\t\t<div class=\"elementor-widget-wrap elementor-element-populated\">\n\t\t\t\t\t\t<div class=\"elementor-element elementor-element-a1c3bdc elementor-widget elementor-widget-image\" data-id=\"a1c3bdc\" data-element_type=\"widget\" data-e-type=\"widget\" data-widget_type=\"image.default\">\n\t\t\t\t<div class=\"elementor-widget-container\">\n\t\t\t\t\t\t\t\t\t\t\t\t\t\t\t<img loading=\"lazy\" decoding=\"async\" width=\"642\" height=\"275\" src=\"https:\/\/dentalguzman.cl\/wp-content\/uploads\/2023\/11\/ribbond.jpg\" class=\"attachment-large size-large wp-image-9716\" alt=\"\" srcset=\"https:\/\/dentalguzman.cl\/wp-content\/uploads\/2023\/11\/ribbond.jpg 642w, https:\/\/dentalguzman.cl\/wp-content\/uploads\/2023\/11\/ribbond-430x184.jpg 430w, https:\/\/dentalguzman.cl\/wp-content\/uploads\/2023\/11\/ribbond-150x64.jpg 150w, https:\/\/dentalguzman.cl\/wp-content\/uploads\/2023\/11\/ribbond-400x171.jpg 400w\" sizes=\"(max-width: 642px) 100vw, 642px\" \/>\t\t\t\t\t\t\t\t\t\t\t\t\t\t\t<\/div>\n\t\t\t\t<\/div>\n\t\t\t\t<div class=\"elementor-element elementor-element-93fdccb elementor-align-center elementor-widget elementor-widget-button\" data-id=\"93fdccb\" data-element_type=\"widget\" data-e-type=\"widget\" data-widget_type=\"button.default\">\n\t\t\t\t<div class=\"elementor-widget-container\">\n\t\t\t\t\t\t\t\t\t<div class=\"elementor-button-wrapper\">\n\t\t\t\t\t<a class=\"elementor-button elementor-button-link elementor-size-md\" href=\"https:\/\/dentalguzman.cl\/wp-content\/uploads\/2023\/11\/DOC-20230103-WA0007.pdf\" target=\"_blank\">\n\t\t\t\t\t\t<span class=\"elementor-button-content-wrapper\">\n\t\t\t\t\t\t\t\t\t<span class=\"elementor-button-text\">Descargar cat\u00e1logo<\/span>\n\t\t\t\t\t<\/span>\n\t\t\t\t\t<\/a>\n\t\t\t\t<\/div>\n\t\t\t\t\t\t\t\t<\/div>\n\t\t\t\t<\/div>\n\t\t\t\t\t<\/div>\n\t\t<\/div>\n\t\t\t\t<div class=\"elementor-column elementor-col-25 elementor-top-column elementor-element elementor-element-e69cb48\" data-id=\"e69cb48\" data-element_type=\"column\" data-e-type=\"column\">\n\t\t\t<div class=\"elementor-widget-wrap\">\n\t\t\t\t\t\t\t<\/div>\n\t\t<\/div>\n\t\t\t\t<div class=\"elementor-column elementor-col-25 elementor-top-column elementor-element elementor-element-3487b33\" data-id=\"3487b33\" data-element_type=\"column\" data-e-type=\"column\">\n\t\t\t<div class=\"elementor-widget-wrap\">\n\t\t\t\t\t\t\t<\/div>\n\t\t<\/div>\n\t\t\t\t<div class=\"elementor-column elementor-col-25 elementor-top-column elementor-element elementor-element-dd02cdd\" data-id=\"dd02cdd\" data-element_type=\"column\" data-e-type=\"column\">\n\t\t\t<div class=\"elementor-widget-wrap\">\n\t\t\t\t\t\t\t<\/div>\n\t\t<\/div>\n\t\t\t\t\t<\/div>\n\t\t<\/section>\n\t\t\t\t<\/div>\n\t\t","protected":false},"excerpt":{"rendered":"<p>Descargar cat\u00e1logo Descargar cat\u00e1logo Descargar cat\u00e1logo Descargar cat\u00e1logo Descargar cat\u00e1logo<\/p>\n","protected":false},"author":1,"featured_media":0,"parent":0,"menu_order":0,"comment_status":"closed","ping_status":"closed","template":"elementor_header_footer","meta":{"footnotes":""},"class_list":["post-9408","page","type-page","status-publish","hentry"],"_links":{"self":[{"href":"https:\/\/dentalguzman.cl\/index.php?rest_route=\/wp\/v2\/pages\/9408","targetHints":{"allow":["GET"]}}],"collection":[{"href":"https:\/\/dentalguzman.cl\/index.php?rest_route=\/wp\/v2\/pages"}],"about":[{"href":"https:\/\/dentalguzman.cl\/index.php?rest_route=\/wp\/v2\/types\/page"}],"author":[{"embeddable":true,"href":"https:\/\/dentalguzman.cl\/index.php?rest_route=\/wp\/v2\/users\/1"}],"replies":[{"embeddable":true,"href":"https:\/\/dentalguzman.cl\/index.php?rest_route=%2Fwp%2Fv2%2Fcomments&post=9408"}],"version-history":[{"count":26,"href":"https:\/\/dentalguzman.cl\/index.php?rest_route=\/wp\/v2\/pages\/9408\/revisions"}],"predecessor-version":[{"id":9720,"href":"https:\/\/dentalguzman.cl\/index.php?rest_route=\/wp\/v2\/pages\/9408\/revisions\/9720"}],"wp:attachment":[{"href":"https:\/\/dentalguzman.cl\/index.php?rest_route=%2Fwp%2Fv2%2Fmedia&parent=9408"}],"curies":[{"name":"wp","href":"https:\/\/api.w.org\/{rel}","templated":true}]}}