{"id":4400,"date":"2021-10-12T15:51:09","date_gmt":"2021-10-12T18:51:09","guid":{"rendered":"http:\/\/dummy.xtemos.com\/woodmart2\/elementor\/?page_id=4400"},"modified":"2023-04-13T10:25:50","modified_gmt":"2023-04-13T13:25:50","slug":"quienes-somos","status":"publish","type":"page","link":"https:\/\/dentalguzman.cl\/?page_id=4400","title":{"rendered":"Quienes somos"},"content":{"rendered":"\t\t<div data-elementor-type=\"wp-page\" data-elementor-id=\"4400\" class=\"elementor elementor-4400\" data-elementor-post-type=\"page\">\n\t\t\t\t\t\t<section class=\"elementor-section elementor-top-section elementor-element elementor-element-3c548bca elementor-reverse-tablet elementor-reverse-mobile elementor-section-boxed elementor-section-height-default elementor-section-height-default\" data-id=\"3c548bca\" data-element_type=\"section\" data-e-type=\"section\">\n\t\t\t\t\t\t<div class=\"elementor-container elementor-column-gap-default\">\n\t\t\t\t\t<div class=\"elementor-column elementor-col-50 elementor-top-column elementor-element elementor-element-1d354ed7\" data-id=\"1d354ed7\" data-element_type=\"column\" data-e-type=\"column\">\n\t\t\t<div class=\"elementor-widget-wrap\">\n\t\t\t\t\t\t\t<\/div>\n\t\t<\/div>\n\t\t\t\t<div class=\"elementor-column elementor-col-50 elementor-top-column elementor-element elementor-element-7a9daa7\" data-id=\"7a9daa7\" data-element_type=\"column\" data-e-type=\"column\">\n\t\t\t<div class=\"elementor-widget-wrap\">\n\t\t\t\t\t\t\t<\/div>\n\t\t<\/div>\n\t\t\t\t\t<\/div>\n\t\t<\/section>\n\t\t\t\t<section class=\"elementor-section elementor-top-section elementor-element elementor-element-57737f6 elementor-section-boxed elementor-section-height-default elementor-section-height-default\" data-id=\"57737f6\" data-element_type=\"section\" data-e-type=\"section\">\n\t\t\t\t\t\t<div class=\"elementor-container elementor-column-gap-default\">\n\t\t\t\t\t<div class=\"elementor-column elementor-col-100 elementor-top-column elementor-element elementor-element-1bb05b8\" data-id=\"1bb05b8\" data-element_type=\"column\" data-e-type=\"column\">\n\t\t\t<div class=\"elementor-widget-wrap elementor-element-populated\">\n\t\t\t\t\t\t<div class=\"elementor-element elementor-element-4147530 elementor-widget elementor-widget-heading\" data-id=\"4147530\" data-element_type=\"widget\" data-e-type=\"widget\" data-widget_type=\"heading.default\">\n\t\t\t\t<div class=\"elementor-widget-container\">\n\t\t\t\t\t<h2 class=\"elementor-heading-title elementor-size-default\">Nuestros proveedores<\/h2>\t\t\t\t<\/div>\n\t\t\t\t<\/div>\n\t\t\t\t\t<\/div>\n\t\t<\/div>\n\t\t\t\t\t<\/div>\n\t\t<\/section>\n\t\t\t\t<section class=\"elementor-section elementor-top-section elementor-element elementor-element-29208aa elementor-section-boxed elementor-section-height-default elementor-section-height-default\" data-id=\"29208aa\" data-element_type=\"section\" data-e-type=\"section\">\n\t\t\t\t\t\t<div class=\"elementor-container elementor-column-gap-default\">\n\t\t\t\t\t<div class=\"elementor-column elementor-col-25 elementor-top-column elementor-element elementor-element-7d82a4a\" data-id=\"7d82a4a\" data-element_type=\"column\" data-e-type=\"column\">\n\t\t\t<div class=\"elementor-widget-wrap elementor-element-populated\">\n\t\t\t\t\t\t<div class=\"elementor-element elementor-element-047767c elementor-widget elementor-widget-image\" data-id=\"047767c\" data-element_type=\"widget\" data-e-type=\"widget\" data-widget_type=\"image.default\">\n\t\t\t\t<div class=\"elementor-widget-container\">\n\t\t\t\t\t\t\t\t\t\t\t\t\t\t\t<img fetchpriority=\"high\" decoding=\"async\" width=\"642\" height=\"275\" src=\"https:\/\/dentalguzman.cl\/wp-content\/uploads\/2023\/04\/11-1.jpg\" class=\"attachment-large size-large wp-image-9448\" alt=\"\" srcset=\"https:\/\/dentalguzman.cl\/wp-content\/uploads\/2023\/04\/11-1.jpg 642w, https:\/\/dentalguzman.cl\/wp-content\/uploads\/2023\/04\/11-1-430x184.jpg 430w, https:\/\/dentalguzman.cl\/wp-content\/uploads\/2023\/04\/11-1-150x64.jpg 150w, https:\/\/dentalguzman.cl\/wp-content\/uploads\/2023\/04\/11-1-400x171.jpg 400w\" sizes=\"(max-width: 642px) 100vw, 642px\" \/>\t\t\t\t\t\t\t\t\t\t\t\t\t\t\t<\/div>\n\t\t\t\t<\/div>\n\t\t\t\t\t<\/div>\n\t\t<\/div>\n\t\t\t\t<div class=\"elementor-column elementor-col-25 elementor-top-column elementor-element elementor-element-1f67130\" data-id=\"1f67130\" data-element_type=\"column\" data-e-type=\"column\">\n\t\t\t<div class=\"elementor-widget-wrap elementor-element-populated\">\n\t\t\t\t\t\t<div class=\"elementor-element elementor-element-72ebf88 elementor-widget elementor-widget-image\" data-id=\"72ebf88\" data-element_type=\"widget\" data-e-type=\"widget\" data-widget_type=\"image.default\">\n\t\t\t\t<div class=\"elementor-widget-container\">\n\t\t\t\t\t\t\t\t\t\t\t\t\t\t\t<img decoding=\"async\" width=\"642\" height=\"275\" src=\"https:\/\/dentalguzman.cl\/wp-content\/uploads\/2023\/04\/22.jpg\" class=\"attachment-large size-large wp-image-9449\" alt=\"\" srcset=\"https:\/\/dentalguzman.cl\/wp-content\/uploads\/2023\/04\/22.jpg 642w, https:\/\/dentalguzman.cl\/wp-content\/uploads\/2023\/04\/22-430x184.jpg 430w, https:\/\/dentalguzman.cl\/wp-content\/uploads\/2023\/04\/22-150x64.jpg 150w, https:\/\/dentalguzman.cl\/wp-content\/uploads\/2023\/04\/22-400x171.jpg 400w\" sizes=\"(max-width: 642px) 100vw, 642px\" \/>\t\t\t\t\t\t\t\t\t\t\t\t\t\t\t<\/div>\n\t\t\t\t<\/div>\n\t\t\t\t\t<\/div>\n\t\t<\/div>\n\t\t\t\t<div class=\"elementor-column elementor-col-25 elementor-top-column elementor-element elementor-element-78f5910\" data-id=\"78f5910\" data-element_type=\"column\" data-e-type=\"column\">\n\t\t\t<div class=\"elementor-widget-wrap elementor-element-populated\">\n\t\t\t\t\t\t<div class=\"elementor-element elementor-element-26141fe elementor-widget elementor-widget-image\" data-id=\"26141fe\" data-element_type=\"widget\" data-e-type=\"widget\" data-widget_type=\"image.default\">\n\t\t\t\t<div class=\"elementor-widget-container\">\n\t\t\t\t\t\t\t\t\t\t\t\t\t\t\t<img decoding=\"async\" width=\"642\" height=\"275\" src=\"https:\/\/dentalguzman.cl\/wp-content\/uploads\/2023\/04\/33.jpg\" class=\"attachment-large size-large wp-image-9450\" alt=\"\" srcset=\"https:\/\/dentalguzman.cl\/wp-content\/uploads\/2023\/04\/33.jpg 642w, https:\/\/dentalguzman.cl\/wp-content\/uploads\/2023\/04\/33-430x184.jpg 430w, https:\/\/dentalguzman.cl\/wp-content\/uploads\/2023\/04\/33-150x64.jpg 150w, https:\/\/dentalguzman.cl\/wp-content\/uploads\/2023\/04\/33-400x171.jpg 400w\" sizes=\"(max-width: 642px) 100vw, 642px\" \/>\t\t\t\t\t\t\t\t\t\t\t\t\t\t\t<\/div>\n\t\t\t\t<\/div>\n\t\t\t\t\t<\/div>\n\t\t<\/div>\n\t\t\t\t<div class=\"elementor-column elementor-col-25 elementor-top-column elementor-element elementor-element-cb4595c\" data-id=\"cb4595c\" data-element_type=\"column\" data-e-type=\"column\">\n\t\t\t<div class=\"elementor-widget-wrap elementor-element-populated\">\n\t\t\t\t\t\t<div class=\"elementor-element elementor-element-972f184 elementor-widget elementor-widget-image\" data-id=\"972f184\" data-element_type=\"widget\" data-e-type=\"widget\" data-widget_type=\"image.default\">\n\t\t\t\t<div class=\"elementor-widget-container\">\n\t\t\t\t\t\t\t\t\t\t\t\t\t\t\t<img loading=\"lazy\" decoding=\"async\" width=\"642\" height=\"275\" src=\"https:\/\/dentalguzman.cl\/wp-content\/uploads\/2023\/04\/44.jpg\" class=\"attachment-large size-large wp-image-9451\" alt=\"\" srcset=\"https:\/\/dentalguzman.cl\/wp-content\/uploads\/2023\/04\/44.jpg 642w, https:\/\/dentalguzman.cl\/wp-content\/uploads\/2023\/04\/44-430x184.jpg 430w, https:\/\/dentalguzman.cl\/wp-content\/uploads\/2023\/04\/44-150x64.jpg 150w, https:\/\/dentalguzman.cl\/wp-content\/uploads\/2023\/04\/44-400x171.jpg 400w\" sizes=\"(max-width: 642px) 100vw, 642px\" \/>\t\t\t\t\t\t\t\t\t\t\t\t\t\t\t<\/div>\n\t\t\t\t<\/div>\n\t\t\t\t\t<\/div>\n\t\t<\/div>\n\t\t\t\t\t<\/div>\n\t\t<\/section>\n\t\t\t\t<section class=\"elementor-section elementor-top-section elementor-element elementor-element-ed6c3cd elementor-section-boxed elementor-section-height-default elementor-section-height-default\" data-id=\"ed6c3cd\" data-element_type=\"section\" data-e-type=\"section\">\n\t\t\t\t\t\t<div class=\"elementor-container elementor-column-gap-default\">\n\t\t\t\t\t<div class=\"elementor-column elementor-col-20 elementor-top-column elementor-element elementor-element-ffb5a0a\" data-id=\"ffb5a0a\" data-element_type=\"column\" data-e-type=\"column\">\n\t\t\t<div class=\"elementor-widget-wrap\">\n\t\t\t\t\t\t\t<\/div>\n\t\t<\/div>\n\t\t\t\t<div class=\"elementor-column elementor-col-20 elementor-top-column elementor-element elementor-element-9f21718\" data-id=\"9f21718\" data-element_type=\"column\" data-e-type=\"column\">\n\t\t\t<div class=\"elementor-widget-wrap elementor-element-populated\">\n\t\t\t\t\t\t<div class=\"elementor-element elementor-element-c1dd6a7 elementor-widget elementor-widget-image\" data-id=\"c1dd6a7\" data-element_type=\"widget\" data-e-type=\"widget\" data-widget_type=\"image.default\">\n\t\t\t\t<div class=\"elementor-widget-container\">\n\t\t\t\t\t\t\t\t\t\t\t\t\t\t\t<img loading=\"lazy\" decoding=\"async\" width=\"642\" height=\"275\" src=\"https:\/\/dentalguzman.cl\/wp-content\/uploads\/2023\/04\/55.jpg\" class=\"attachment-large size-large wp-image-9452\" alt=\"\" srcset=\"https:\/\/dentalguzman.cl\/wp-content\/uploads\/2023\/04\/55.jpg 642w, https:\/\/dentalguzman.cl\/wp-content\/uploads\/2023\/04\/55-430x184.jpg 430w, https:\/\/dentalguzman.cl\/wp-content\/uploads\/2023\/04\/55-150x64.jpg 150w, https:\/\/dentalguzman.cl\/wp-content\/uploads\/2023\/04\/55-400x171.jpg 400w\" sizes=\"(max-width: 642px) 100vw, 642px\" \/>\t\t\t\t\t\t\t\t\t\t\t\t\t\t\t<\/div>\n\t\t\t\t<\/div>\n\t\t\t\t\t<\/div>\n\t\t<\/div>\n\t\t\t\t<div class=\"elementor-column elementor-col-20 elementor-top-column elementor-element elementor-element-92137c1\" data-id=\"92137c1\" data-element_type=\"column\" data-e-type=\"column\">\n\t\t\t<div class=\"elementor-widget-wrap elementor-element-populated\">\n\t\t\t\t\t\t<div class=\"elementor-element elementor-element-df9f046 elementor-widget elementor-widget-image\" data-id=\"df9f046\" data-element_type=\"widget\" data-e-type=\"widget\" data-widget_type=\"image.default\">\n\t\t\t\t<div class=\"elementor-widget-container\">\n\t\t\t\t\t\t\t\t\t\t\t\t\t\t\t<img loading=\"lazy\" decoding=\"async\" width=\"642\" height=\"275\" src=\"https:\/\/dentalguzman.cl\/wp-content\/uploads\/2023\/04\/66.jpg\" class=\"attachment-large size-large wp-image-9456\" alt=\"\" srcset=\"https:\/\/dentalguzman.cl\/wp-content\/uploads\/2023\/04\/66.jpg 642w, https:\/\/dentalguzman.cl\/wp-content\/uploads\/2023\/04\/66-430x184.jpg 430w, https:\/\/dentalguzman.cl\/wp-content\/uploads\/2023\/04\/66-150x64.jpg 150w, https:\/\/dentalguzman.cl\/wp-content\/uploads\/2023\/04\/66-400x171.jpg 400w\" sizes=\"(max-width: 642px) 100vw, 642px\" \/>\t\t\t\t\t\t\t\t\t\t\t\t\t\t\t<\/div>\n\t\t\t\t<\/div>\n\t\t\t\t\t<\/div>\n\t\t<\/div>\n\t\t\t\t<div class=\"elementor-column elementor-col-20 elementor-top-column elementor-element elementor-element-e3fbca7\" data-id=\"e3fbca7\" data-element_type=\"column\" data-e-type=\"column\">\n\t\t\t<div class=\"elementor-widget-wrap elementor-element-populated\">\n\t\t\t\t\t\t<div class=\"elementor-element elementor-element-38f0d9d elementor-widget elementor-widget-image\" data-id=\"38f0d9d\" data-element_type=\"widget\" data-e-type=\"widget\" data-widget_type=\"image.default\">\n\t\t\t\t<div class=\"elementor-widget-container\">\n\t\t\t\t\t\t\t\t\t\t\t\t\t\t\t<img loading=\"lazy\" decoding=\"async\" width=\"642\" height=\"275\" src=\"https:\/\/dentalguzman.cl\/wp-content\/uploads\/2023\/04\/verde.jpg\" class=\"attachment-large size-large wp-image-9486\" alt=\"\" srcset=\"https:\/\/dentalguzman.cl\/wp-content\/uploads\/2023\/04\/verde.jpg 642w, https:\/\/dentalguzman.cl\/wp-content\/uploads\/2023\/04\/verde-430x184.jpg 430w, https:\/\/dentalguzman.cl\/wp-content\/uploads\/2023\/04\/verde-150x64.jpg 150w, https:\/\/dentalguzman.cl\/wp-content\/uploads\/2023\/04\/verde-400x171.jpg 400w\" sizes=\"(max-width: 642px) 100vw, 642px\" \/>\t\t\t\t\t\t\t\t\t\t\t\t\t\t\t<\/div>\n\t\t\t\t<\/div>\n\t\t\t\t\t<\/div>\n\t\t<\/div>\n\t\t\t\t<div class=\"elementor-column elementor-col-20 elementor-top-column elementor-element elementor-element-f0db250\" data-id=\"f0db250\" data-element_type=\"column\" data-e-type=\"column\">\n\t\t\t<div class=\"elementor-widget-wrap\">\n\t\t\t\t\t\t\t<\/div>\n\t\t<\/div>\n\t\t\t\t\t<\/div>\n\t\t<\/section>\n\t\t\t\t<section class=\"elementor-section elementor-top-section elementor-element elementor-element-3c25854 elementor-section-boxed elementor-section-height-default elementor-section-height-default\" data-id=\"3c25854\" data-element_type=\"section\" data-e-type=\"section\">\n\t\t\t\t\t\t<div class=\"elementor-container elementor-column-gap-default\">\n\t\t\t\t\t<div class=\"elementor-column elementor-col-33 elementor-top-column elementor-element elementor-element-b3cb3ed\" data-id=\"b3cb3ed\" data-element_type=\"column\" data-e-type=\"column\">\n\t\t\t<div class=\"elementor-widget-wrap\">\n\t\t\t\t\t\t\t<\/div>\n\t\t<\/div>\n\t\t\t\t<div class=\"elementor-column elementor-col-33 elementor-top-column elementor-element elementor-element-d559727\" data-id=\"d559727\" data-element_type=\"column\" data-e-type=\"column\">\n\t\t\t<div class=\"elementor-widget-wrap\">\n\t\t\t\t\t\t\t<\/div>\n\t\t<\/div>\n\t\t\t\t<div class=\"elementor-column elementor-col-33 elementor-top-column elementor-element elementor-element-dd8e46c\" data-id=\"dd8e46c\" data-element_type=\"column\" data-e-type=\"column\">\n\t\t\t<div class=\"elementor-widget-wrap\">\n\t\t\t\t\t\t\t<\/div>\n\t\t<\/div>\n\t\t\t\t\t<\/div>\n\t\t<\/section>\n\t\t\t\t<section class=\"elementor-section elementor-top-section elementor-element elementor-element-4bdd5cd elementor-section-boxed elementor-section-height-default elementor-section-height-default\" data-id=\"4bdd5cd\" data-element_type=\"section\" data-e-type=\"section\">\n\t\t\t\t\t\t<div class=\"elementor-container elementor-column-gap-default\">\n\t\t\t\t\t<div class=\"elementor-column elementor-col-16 elementor-top-column elementor-element elementor-element-0f3558c\" data-id=\"0f3558c\" data-element_type=\"column\" data-e-type=\"column\">\n\t\t\t<div class=\"elementor-widget-wrap\">\n\t\t\t\t\t\t\t<\/div>\n\t\t<\/div>\n\t\t\t\t<div class=\"elementor-column elementor-col-16 elementor-top-column elementor-element elementor-element-f8de9d9\" data-id=\"f8de9d9\" data-element_type=\"column\" data-e-type=\"column\">\n\t\t\t<div class=\"elementor-widget-wrap\">\n\t\t\t\t\t\t\t<\/div>\n\t\t<\/div>\n\t\t\t\t<div class=\"elementor-column elementor-col-16 elementor-top-column elementor-element elementor-element-9c09148\" data-id=\"9c09148\" data-element_type=\"column\" data-e-type=\"column\">\n\t\t\t<div class=\"elementor-widget-wrap\">\n\t\t\t\t\t\t\t<\/div>\n\t\t<\/div>\n\t\t\t\t<div class=\"elementor-column elementor-col-16 elementor-top-column elementor-element elementor-element-d0feeff\" data-id=\"d0feeff\" data-element_type=\"column\" data-e-type=\"column\">\n\t\t\t<div class=\"elementor-widget-wrap\">\n\t\t\t\t\t\t\t<\/div>\n\t\t<\/div>\n\t\t\t\t<div class=\"elementor-column elementor-col-16 elementor-top-column elementor-element elementor-element-780239f\" data-id=\"780239f\" data-element_type=\"column\" data-e-type=\"column\">\n\t\t\t<div class=\"elementor-widget-wrap\">\n\t\t\t\t\t\t\t<\/div>\n\t\t<\/div>\n\t\t\t\t<div class=\"elementor-column elementor-col-16 elementor-top-column elementor-element elementor-element-21abf50\" data-id=\"21abf50\" data-element_type=\"column\" data-e-type=\"column\">\n\t\t\t<div class=\"elementor-widget-wrap\">\n\t\t\t\t\t\t\t<\/div>\n\t\t<\/div>\n\t\t\t\t\t<\/div>\n\t\t<\/section>\n\t\t\t\t<\/div>\n\t\t","protected":false},"excerpt":{"rendered":"<p>Art\u00edculospara odontolog\u00eda cl\u00ednica Desde 1970 nos dedicamos a la Importaci\u00f3n y distribuci\u00f3n de art\u00edculos dentales para la profesi\u00f3n odontol\u00f3gica. Productos<\/p>\n","protected":false},"author":1,"featured_media":0,"parent":0,"menu_order":0,"comment_status":"closed","ping_status":"closed","template":"","meta":{"footnotes":""},"class_list":["post-4400","page","type-page","status-publish","hentry"],"_links":{"self":[{"href":"https:\/\/dentalguzman.cl\/index.php?rest_route=\/wp\/v2\/pages\/4400","targetHints":{"allow":["GET"]}}],"collection":[{"href":"https:\/\/dentalguzman.cl\/index.php?rest_route=\/wp\/v2\/pages"}],"about":[{"href":"https:\/\/dentalguzman.cl\/index.php?rest_route=\/wp\/v2\/types\/page"}],"author":[{"embeddable":true,"href":"https:\/\/dentalguzman.cl\/index.php?rest_route=\/wp\/v2\/users\/1"}],"replies":[{"embeddable":true,"href":"https:\/\/dentalguzman.cl\/index.php?rest_route=%2Fwp%2Fv2%2Fcomments&post=4400"}],"version-history":[{"count":37,"href":"https:\/\/dentalguzman.cl\/index.php?rest_route=\/wp\/v2\/pages\/4400\/revisions"}],"predecessor-version":[{"id":9489,"href":"https:\/\/dentalguzman.cl\/index.php?rest_route=\/wp\/v2\/pages\/4400\/revisions\/9489"}],"wp:attachment":[{"href":"https:\/\/dentalguzman.cl\/index.php?rest_route=%2Fwp%2Fv2%2Fmedia&parent=4400"}],"curies":[{"name":"wp","href":"https:\/\/api.w.org\/{rel}","templated":true}]}}